{"id":323,"date":"2020-08-19T14:31:04","date_gmt":"2020-08-19T14:31:04","guid":{"rendered":"https:\/\/mariegrandicova.cz\/?page_id=323"},"modified":"2026-04-09T08:53:18","modified_gmt":"2026-04-09T08:53:18","slug":"home","status":"publish","type":"page","link":"https:\/\/mariegrandicova.cz\/","title":{"rendered":"Home"},"content":{"rendered":"\t\t<div data-elementor-type=\"wp-page\" data-elementor-id=\"323\" class=\"elementor elementor-323\" data-elementor-settings=\"[]\">\n\t\t\t<div class=\"elementor-inner\">\n\t\t\t\t<div class=\"elementor-section-wrap\">\n\t\t\t\t\t\t\t<section class=\"elementor-element elementor-element-c50838b elementor-section-boxed elementor-section-height-default elementor-section-height-default elementor-section elementor-top-section\" data-id=\"c50838b\" data-element_type=\"section\" data-settings=\"{&quot;background_background&quot;:&quot;classic&quot;}\">\n\t\t\t\t\t\t\t<div class=\"elementor-background-overlay\"><\/div>\n\t\t\t\t\t\t\t<div class=\"elementor-container elementor-column-gap-default\">\n\t\t\t\t<div class=\"elementor-row\">\n\t\t\t\t<div class=\"elementor-element elementor-element-2f84d6d elementor-column elementor-col-33 elementor-top-column\" data-id=\"2f84d6d\" data-element_type=\"column\">\n\t\t\t<div class=\"elementor-column-wrap\">\n\t\t\t\t\t<div class=\"elementor-widget-wrap\">\n\t\t\t\t\t\t<\/div>\n\t\t\t<\/div>\n\t\t<\/div>\n\t\t\t\t<div class=\"elementor-element elementor-element-55b0429 elementor-column elementor-col-33 elementor-top-column\" data-id=\"55b0429\" data-element_type=\"column\">\n\t\t\t<div class=\"elementor-column-wrap  elementor-element-populated\">\n\t\t\t\t\t<div class=\"elementor-widget-wrap\">\n\t\t\t\t<div class=\"elementor-element elementor-element-3428592 elementor-widget elementor-widget-heading\" data-id=\"3428592\" data-element_type=\"widget\" data-widget_type=\"heading.default\">\n\t\t\t\t<div class=\"elementor-widget-container\">\n\t\t\t<h1 class=\"elementor-heading-title elementor-size-default\">Upozorn\u011bn\u00ed<\/h1>\t\t<\/div>\n\t\t\t\t<\/div>\n\t\t\t\t<div class=\"elementor-element elementor-element-b448f20 elementor-widget elementor-widget-divider\" data-id=\"b448f20\" data-element_type=\"widget\" data-widget_type=\"divider.default\">\n\t\t\t\t<div class=\"elementor-widget-container\">\n\t\t\t\t\t<div class=\"elementor-divider\">\n\t\t\t<span class=\"elementor-divider-separator\">\n\t\t\t\t\t\t<\/span>\n\t\t<\/div>\n\t\t\t\t<\/div>\n\t\t\t\t<\/div>\n\t\t\t\t<div class=\"elementor-element elementor-element-26eb166 elementor-widget elementor-widget-text-editor\" data-id=\"26eb166\" data-element_type=\"widget\" data-widget_type=\"text-editor.default\">\n\t\t\t\t<div class=\"elementor-widget-container\">\n\t\t\t\t\t<div class=\"elementor-text-editor elementor-clearfix\"><h3><span style=\"color: #ffffff;\">PACIENTY NA KARDIOLOGICK\u00c9 VY\u0160ET\u0158EN\u00cd<\/span><br><span style=\"font-size: 15px; color: #ffffff;\">objedn\u00e1vejte na tel. \u010d\u00edsle 519 315 281<\/span><\/h3><\/div>\n\t\t\t\t<\/div>\n\t\t\t\t<\/div>\n\t\t\t\t<div class=\"elementor-element elementor-element-24e92e3 elementor-widget elementor-widget-divider\" data-id=\"24e92e3\" data-element_type=\"widget\" data-widget_type=\"divider.default\">\n\t\t\t\t<div class=\"elementor-widget-container\">\n\t\t\t\t\t<div class=\"elementor-divider\">\n\t\t\t<span class=\"elementor-divider-separator\">\n\t\t\t\t\t\t<\/span>\n\t\t<\/div>\n\t\t\t\t<\/div>\n\t\t\t\t<\/div>\n\t\t\t\t<section class=\"elementor-element elementor-element-00f6808 elementor-section-content-middle elementor-section-boxed elementor-section-height-default elementor-section-height-default elementor-section elementor-inner-section\" data-id=\"00f6808\" data-element_type=\"section\">\n\t\t\t\t\t\t<div class=\"elementor-container elementor-column-gap-default\">\n\t\t\t\t<div class=\"elementor-row\">\n\t\t\t\t<div class=\"elementor-element elementor-element-1356a88 elementor-column elementor-col-25 elementor-inner-column\" data-id=\"1356a88\" data-element_type=\"column\">\n\t\t\t<div class=\"elementor-column-wrap\">\n\t\t\t\t\t<div class=\"elementor-widget-wrap\">\n\t\t\t\t\t\t<\/div>\n\t\t\t<\/div>\n\t\t<\/div>\n\t\t\t\t<div class=\"elementor-element elementor-element-da092a9 elementor-column elementor-col-50 elementor-inner-column\" data-id=\"da092a9\" data-element_type=\"column\">\n\t\t\t<div class=\"elementor-column-wrap  elementor-element-populated\">\n\t\t\t\t\t<div class=\"elementor-widget-wrap\">\n\t\t\t\t<div class=\"elementor-element elementor-element-d0ae0b7 elementor-widget elementor-widget-html\" data-id=\"d0ae0b7\" data-element_type=\"widget\" data-widget_type=\"html.default\">\n\t\t\t\t<div class=\"elementor-widget-container\">\n\t\t\t<a href=\"https:\/\/my.medevio.cz\/mudr-grandicova?ref=imgbanner\" target=\"_blank\" ><img loading=\"lazy\" src=\"https:\/\/static.medevio.cz\/clinic-banners\/banner@2x.png\" width=\"421\" height=\"203\" alt=\"Pokra\u010dovat na Medevio\" style=\"max-width:100%;height:auto;\" \/><\/a><br\/><br\/>\t\t<\/div>\n\t\t\t\t<\/div>\n\t\t\t\t\t\t<\/div>\n\t\t\t<\/div>\n\t\t<\/div>\n\t\t\t\t<div class=\"elementor-element elementor-element-8064246 elementor-column elementor-col-25 elementor-inner-column\" data-id=\"8064246\" data-element_type=\"column\">\n\t\t\t<div class=\"elementor-column-wrap\">\n\t\t\t\t\t<div class=\"elementor-widget-wrap\">\n\t\t\t\t\t\t<\/div>\n\t\t\t<\/div>\n\t\t<\/div>\n\t\t\t\t\t\t<\/div>\n\t\t\t<\/div>\n\t\t<\/section>\n\t\t\t\t\t\t<\/div>\n\t\t\t<\/div>\n\t\t<\/div>\n\t\t\t\t<div class=\"elementor-element elementor-element-79b148e elementor-column elementor-col-33 elementor-top-column\" data-id=\"79b148e\" data-element_type=\"column\">\n\t\t\t<div class=\"elementor-column-wrap\">\n\t\t\t\t\t<div class=\"elementor-widget-wrap\">\n\t\t\t\t\t\t<\/div>\n\t\t\t<\/div>\n\t\t<\/div>\n\t\t\t\t\t\t<\/div>\n\t\t\t<\/div>\n\t\t<\/section>\n\t\t\t\t<section class=\"elementor-element elementor-element-edd8aba elementor-section-boxed elementor-section-height-default elementor-section-height-default elementor-section elementor-top-section\" data-id=\"edd8aba\" data-element_type=\"section\">\n\t\t\t\t\t\t<div class=\"elementor-container elementor-column-gap-default\">\n\t\t\t\t<div class=\"elementor-row\">\n\t\t\t\t<div class=\"elementor-element elementor-element-79815e9 elementor-column elementor-col-100 elementor-top-column\" data-id=\"79815e9\" data-element_type=\"column\">\n\t\t\t<div class=\"elementor-column-wrap  elementor-element-populated\">\n\t\t\t\t\t<div class=\"elementor-widget-wrap\">\n\t\t\t\t<div class=\"elementor-element elementor-element-5da5219 elementor-widget elementor-widget-heading\" data-id=\"5da5219\" data-element_type=\"widget\" data-widget_type=\"heading.default\">\n\t\t\t\t<div class=\"elementor-widget-container\">\n\t\t\t<h2 class=\"elementor-heading-title elementor-size-default\">Ordina\u010dn\u00ed hodiny<\/h2>\t\t<\/div>\n\t\t\t\t<\/div>\n\t\t\t\t\t\t<\/div>\n\t\t\t<\/div>\n\t\t<\/div>\n\t\t\t\t\t\t<\/div>\n\t\t\t<\/div>\n\t\t<\/section>\n\t\t\t\t<section class=\"elementor-element elementor-element-cf4caa7 elementor-section-boxed elementor-section-height-default elementor-section-height-default elementor-section elementor-top-section\" data-id=\"cf4caa7\" data-element_type=\"section\">\n\t\t\t\t\t\t<div class=\"elementor-container elementor-column-gap-default\">\n\t\t\t\t<div class=\"elementor-row\">\n\t\t\t\t<div class=\"elementor-element elementor-element-92c1275 elementor-column elementor-col-100 elementor-top-column\" data-id=\"92c1275\" data-element_type=\"column\">\n\t\t\t<div class=\"elementor-column-wrap  elementor-element-populated\">\n\t\t\t\t\t<div class=\"elementor-widget-wrap\">\n\t\t\t\t<div class=\"elementor-element elementor-element-61bc1f4 elementor-widget elementor-widget-divider\" data-id=\"61bc1f4\" data-element_type=\"widget\" data-widget_type=\"divider.default\">\n\t\t\t\t<div class=\"elementor-widget-container\">\n\t\t\t\t\t<div class=\"elementor-divider\">\n\t\t\t<span class=\"elementor-divider-separator\">\n\t\t\t\t\t\t<\/span>\n\t\t<\/div>\n\t\t\t\t<\/div>\n\t\t\t\t<\/div>\n\t\t\t\t<div class=\"elementor-element elementor-element-310e544 elementor-widget elementor-widget-text-editor\" data-id=\"310e544\" data-element_type=\"widget\" data-widget_type=\"text-editor.default\">\n\t\t\t\t<div class=\"elementor-widget-container\">\n\t\t\t\t\t<div class=\"elementor-text-editor elementor-clearfix\"><style>\n.text-center {text-align: center;}\n.red {background-color: #f85858;}\n.blue {background-color: #64c7f1}\n.green {background-color: #97cb59;}\n.open-hours {width: 100%; border-collapse: collapse; color: black}\n.open-hours td {padding: 3px 12px 3px 12px; border-right: 10px solid white}\n.open-hours .title td {font-size: 80%}\n.open-hours .title td.day {font-size: 120%}\n.open-hours .hours td {font-size: 100%; border-bottom: 10px solid white}\n.mid-content {width: 90%}\n<\/style>\n<table class=\"open-hours\">\n    <tr class=\"title\">\n        <td class=\"day\" style=\"width: 1px\" rowspan=\"2\">PO<\/td>\n        <td class=\"blue\" style=\"width: 33%\">ordinace pro nemocn\u00e9 d\u011bti<\/td>\n        <td style=\"width: 33%\"><\/td>\n        <td class=\"green\" style=\"width: 33%\">objednan\u00e9 d\u011bti<\/td>\n    <\/tr>\n    <tr class=\"hours\">\n        <td class=\"blue\">7:00 &#8211; 10:00<\/td>\n        <td><\/td>\n        <td class=\"green\">14:00 &#8211; 18:00<\/td>\n    <\/tr>\n    <tr class=\"title\">\n        <td class=\"day\" rowspan=\"2\">\u00daT<\/td>\n        <td class=\"blue\">ordinace pro nemocn\u00e9 d\u011bti<\/td>\n        <td><\/td>\n        <td><\/td>\n    <\/tr>\n    <tr class=\"hours\">\n        <td class=\"blue\">7:00 &#8211; 10:00<\/td>\n        <td><\/td>\n        <td><\/td>\n    <\/tr>\n    <tr class=\"title\">\n        <td class=\"day\" rowspan=\"2\">ST<\/td>\n        <td><\/td>\n        <td class=\"blue\">ordinace pro nemocn\u00e9 d\u011bti<\/td>\n        <td class=\"red\">poradna<\/td>\n    <\/tr>\n    <tr class=\"hours\">\n        <td><\/td>\n        <td class=\"blue\">11:00 &#8211; 13:00<\/td>\n        <td class=\"red\">13:00 &#8211; 15:00<\/td>\n    <\/tr>\n    <tr class=\"title\">\n        <td class=\"day\" rowspan=\"2\">\u010cT<\/td>\n        <td class=\"blue\">ordinace pro nemocn\u00e9 d\u011bti<\/td>\n        <td><\/td>\n        <td class=\"green\">objednan\u00e9 d\u011bti<\/td>\n    <\/tr>\n    <tr class=\"hours\">\n        <td class=\"blue\">7:00 &#8211; 10:00<\/td>\n        <td><\/td>\n        <td class=\"green\">12:00 &#8211; 14:00<\/td>\n    <\/tr>\n    <tr class=\"title\">\n        <td class=\"day\" rowspan=\"2\">P\u00c1<\/td>\n        <td><\/td>\n        <td class=\"blue\">ordinace pro nemocn\u00e9 d\u011bti<\/td>\n        <td class=\"green\">objednan\u00e9 d\u011bti<\/td>\n    <\/tr>\n    <tr class=\"hours\">\n        <td><\/td>\n        <td class=\"blue\">11:00 &#8211; 13:00<\/td>\n        <td class=\"green\">13:00 &#8211; 15:00<\/td>\n    <\/tr>\n<\/table><\/div>\n\t\t\t\t<\/div>\n\t\t\t\t<\/div>\n\t\t\t\t\t\t<\/div>\n\t\t\t<\/div>\n\t\t<\/div>\n\t\t\t\t\t\t<\/div>\n\t\t\t<\/div>\n\t\t<\/section>\n\t\t\t\t<section class=\"elementor-element elementor-element-0f83e25 elementor-section-boxed elementor-section-height-default elementor-section-height-default elementor-section elementor-top-section\" data-id=\"0f83e25\" data-element_type=\"section\">\n\t\t\t\t\t\t<div class=\"elementor-container elementor-column-gap-default\">\n\t\t\t\t<div class=\"elementor-row\">\n\t\t\t\t<div class=\"elementor-element elementor-element-7fc1325 elementor-column elementor-col-100 elementor-top-column\" data-id=\"7fc1325\" data-element_type=\"column\">\n\t\t\t<div class=\"elementor-column-wrap  elementor-element-populated\">\n\t\t\t\t\t<div class=\"elementor-widget-wrap\">\n\t\t\t\t<div class=\"elementor-element elementor-element-e772552 elementor-widget elementor-widget-heading\" data-id=\"e772552\" data-element_type=\"widget\" data-widget_type=\"heading.default\">\n\t\t\t\t<div class=\"elementor-widget-container\">\n\t\t\t<h2 class=\"elementor-heading-title elementor-size-default\">Kontakt<\/h2>\t\t<\/div>\n\t\t\t\t<\/div>\n\t\t\t\t\t\t<\/div>\n\t\t\t<\/div>\n\t\t<\/div>\n\t\t\t\t\t\t<\/div>\n\t\t\t<\/div>\n\t\t<\/section>\n\t\t\t\t<section class=\"elementor-element elementor-element-3598815 elementor-section-boxed elementor-section-height-default elementor-section-height-default elementor-section elementor-top-section\" data-id=\"3598815\" data-element_type=\"section\">\n\t\t\t\t\t\t<div class=\"elementor-container elementor-column-gap-default\">\n\t\t\t\t<div class=\"elementor-row\">\n\t\t\t\t<div class=\"elementor-element elementor-element-6973397 elementor-column elementor-col-100 elementor-top-column\" data-id=\"6973397\" data-element_type=\"column\">\n\t\t\t<div class=\"elementor-column-wrap  elementor-element-populated\">\n\t\t\t\t\t<div class=\"elementor-widget-wrap\">\n\t\t\t\t<div class=\"elementor-element elementor-element-8030249 elementor-widget elementor-widget-divider\" data-id=\"8030249\" data-element_type=\"widget\" data-widget_type=\"divider.default\">\n\t\t\t\t<div class=\"elementor-widget-container\">\n\t\t\t\t\t<div class=\"elementor-divider\">\n\t\t\t<span class=\"elementor-divider-separator\">\n\t\t\t\t\t\t<\/span>\n\t\t<\/div>\n\t\t\t\t<\/div>\n\t\t\t\t<\/div>\n\t\t\t\t<div class=\"elementor-element elementor-element-aed18fe elementor-widget elementor-widget-text-editor\" data-id=\"aed18fe\" data-element_type=\"widget\" data-widget_type=\"text-editor.default\">\n\t\t\t\t<div class=\"elementor-widget-container\">\n\t\t\t\t\t<div class=\"elementor-text-editor elementor-clearfix\"><h1 style=\"text-align: center; font-weight: bold; margin-bottom: 20px;\"><span style=\"font-size: 2rem; font-weight: bold;\">Komensk\u00e9ho 11A\nB\u0159eclav 4, 691 41<\/span><\/h1>\n<h3 style=\"text-align: center;\">Telefon: +420 519 373 306<\/h3>\n<h3 style=\"text-align: center;\">Mobil: +420 605 190 967<\/h3>\n<h3 style=\"text-align: center; margin-bottom: 0px;\">Email: grandic@seznam.cz<\/h3>\n<h3 style=\"text-align: center; margin-bottom: 20px;\">I\u010cO: 04767489<\/h3>\n<div><\/div>\n<h3 style=\"text-align: center; margin-bottom: 10px; font-weight: bold;\">Pacienty na kardiologick\u00e9 vy\u0161et\u0159en\u00ed objedn\u00e1vejte na tel. \u010d\u00edsle 519 315 281<\/h3>\n<iframe style=\"border:none\" src=\"https:\/\/frame.mapy.cz\/s\/muluhuhogu\" width=\"800\" height=\"280\" frameborder=\"0\"><\/iframe><\/div>\n\t\t\t\t<\/div>\n\t\t\t\t<\/div>\n\t\t\t\t\t\t<\/div>\n\t\t\t<\/div>\n\t\t<\/div>\n\t\t\t\t\t\t<\/div>\n\t\t\t<\/div>\n\t\t<\/section>\n\t\t\t\t\t\t<\/div>\n\t\t\t<\/div>\n\t\t<\/div>\n\t\t","protected":false},"excerpt":{"rendered":"<p>Explore The Colourful World A Wonderful Gift Learn More &#8220;Fuerat aestu carentem habentia spectent tonitrua mutastis locavit liberioris.&#8221; &#8211; Adam Sendler Upcoming Events Everest Camp Trek Fuerat aestu carentem habentia spectent tonitrua mutastis locavit liberioris inistra possedit. Learn More Walking Holidays Fuerat aestu carentem habentia spectent tonitrua mutastis locavit liberioris inistra possedit. Learn More Explore &hellip;<\/p>\n<p class=\"read-more\"> <a class=\"\" href=\"https:\/\/websitedemos.net\/outdoor-adventure-02\/\"> <span class=\"screen-reader-text\">Home<\/span> Read More &raquo;<\/a><\/p>\n","protected":false},"author":1,"featured_media":0,"parent":0,"menu_order":0,"comment_status":"closed","ping_status":"closed","template":"elementor_header_footer","meta":[],"_links":{"self":[{"href":"https:\/\/mariegrandicova.cz\/index.php?rest_route=\/wp\/v2\/pages\/323"}],"collection":[{"href":"https:\/\/mariegrandicova.cz\/index.php?rest_route=\/wp\/v2\/pages"}],"about":[{"href":"https:\/\/mariegrandicova.cz\/index.php?rest_route=\/wp\/v2\/types\/page"}],"author":[{"embeddable":true,"href":"https:\/\/mariegrandicova.cz\/index.php?rest_route=\/wp\/v2\/users\/1"}],"replies":[{"embeddable":true,"href":"https:\/\/mariegrandicova.cz\/index.php?rest_route=%2Fwp%2Fv2%2Fcomments&post=323"}],"version-history":[{"count":216,"href":"https:\/\/mariegrandicova.cz\/index.php?rest_route=\/wp\/v2\/pages\/323\/revisions"}],"predecessor-version":[{"id":619,"href":"https:\/\/mariegrandicova.cz\/index.php?rest_route=\/wp\/v2\/pages\/323\/revisions\/619"}],"wp:attachment":[{"href":"https:\/\/mariegrandicova.cz\/index.php?rest_route=%2Fwp%2Fv2%2Fmedia&parent=323"}],"curies":[{"name":"wp","href":"https:\/\/api.w.org\/{rel}","templated":true}]}}